{"id":19914,"date":"2019-10-08T09:19:39","date_gmt":"2019-10-08T07:19:39","guid":{"rendered":"http:\/\/www.areamalagabeach.com\/?page_id=19914"},"modified":"2026-01-16T12:29:21","modified_gmt":"2026-01-16T11:29:21","slug":"tarifas","status":"publish","type":"page","link":"https:\/\/www.areamalagabeach.com\/en\/tarifas\/","title":{"rendered":"Tariffs"},"content":{"rendered":"\n<p>In Area M\u00e1laga Beach we maintain our fabulous rates throughout the year, because what matters to us is you. <\/p>\n\n\n<div class=\"wp-block-image\">\n<figure class=\"aligncenter size-full\"><img loading=\"lazy\" decoding=\"async\" width=\"780\" height=\"520\" src=\"https:\/\/www.areamalagabeach.com\/wp-content\/uploads\/foto-seccion-tarifas.jpg\" alt=\"Tarifas\" class=\"wp-image-24276\" srcset=\"https:\/\/www.areamalagabeach.com\/wp-content\/uploads\/foto-seccion-tarifas.jpg 780w, https:\/\/www.areamalagabeach.com\/wp-content\/uploads\/foto-seccion-tarifas-300x200.jpg 300w, https:\/\/www.areamalagabeach.com\/wp-content\/uploads\/foto-seccion-tarifas-640x427.jpg 640w, https:\/\/www.areamalagabeach.com\/wp-content\/uploads\/foto-seccion-tarifas-90x60.jpg 90w, https:\/\/www.areamalagabeach.com\/wp-content\/uploads\/foto-seccion-tarifas-240x160.jpg 240w\" sizes=\"(max-width: 780px) 100vw, 780px\" \/><\/figure><\/div>\n\n\n<div class=\"wp-block-button is-style-default\"><a class=\"wp-block-button__link has-background wp-element-button\" href=\"https:\/\/booking.areamalagabeach.com\/search?lang=en\" style=\"background-color:#33a6aa\">RESERVATION<\/a><\/div>\n\n\n<div class=\"wp-block-image\">\n<figure class=\"aligncenter size-full\"><img loading=\"lazy\" decoding=\"async\" width=\"595\" height=\"842\" src=\"https:\/\/www.areamalagabeach.com\/wp-content\/uploads\/precios-en2026.jpg\" alt=\"\" class=\"wp-image-26809\" srcset=\"https:\/\/www.areamalagabeach.com\/wp-content\/uploads\/precios-en2026.jpg 595w, https:\/\/www.areamalagabeach.com\/wp-content\/uploads\/precios-en2026-212x300.jpg 212w, https:\/\/www.areamalagabeach.com\/wp-content\/uploads\/precios-en2026-339x480.jpg 339w, https:\/\/www.areamalagabeach.com\/wp-content\/uploads\/precios-en2026-170x240.jpg 170w\" sizes=\"(max-width: 595px) 100vw, 595px\" \/><\/figure><\/div>\n\n\n<div class=\"wp-block-button\"><a class=\"wp-block-button__link has-background wp-element-button\" href=\"https:\/\/booking.areamalagabeach.com\/search?lang=en\" style=\"background-color:#33a6aa\">RESERVATION<\/a><\/div>\n","protected":false},"excerpt":{"rendered":"<p>In Area M\u00e1laga Beach we maintain our fabulous rates throughout [&hellip;]<\/p>\n","protected":false},"author":3,"featured_media":0,"parent":0,"menu_order":0,"comment_status":"closed","ping_status":"closed","template":"","meta":{"_acf_changed":false,"_monsterinsights_skip_tracking":false,"_monsterinsights_sitenote_active":false,"_monsterinsights_sitenote_note":"","_monsterinsights_sitenote_category":0,"footnotes":""},"class_list":["post-19914","page","type-page","status-publish","hentry"],"acf":[],"yoast_head":"<!-- This site is optimized with the Yoast SEO plugin v23.2 - https:\/\/yoast.com\/wordpress\/plugins\/seo\/ -->\n<title>Tariffs - \u00c1rea M\u00e1laga Beach<\/title>\n<meta name=\"robots\" content=\"index, follow, max-snippet:-1, max-image-preview:large, max-video-preview:-1\" \/>\n<link rel=\"canonical\" href=\"https:\/\/www.areamalagabeach.com\/en\/tarifas\/\" \/>\n<meta property=\"og:locale\" content=\"en_US\" \/>\n<meta property=\"og:type\" content=\"article\" \/>\n<meta property=\"og:title\" content=\"Tariffs - \u00c1rea M\u00e1laga Beach\" \/>\n<meta property=\"og:description\" content=\"In Area M\u00e1laga Beach we maintain our fabulous rates throughout [&hellip;]\" \/>\n<meta property=\"og:url\" content=\"https:\/\/www.areamalagabeach.com\/en\/tarifas\/\" \/>\n<meta property=\"og:site_name\" content=\"\u00c1rea M\u00e1laga Beach\" \/>\n<meta property=\"article:modified_time\" content=\"2026-01-16T11:29:21+00:00\" \/>\n<meta property=\"og:image\" content=\"https:\/\/www.areamalagabeach.com\/wp-content\/uploads\/foto-seccion-tarifas.jpg\" \/>\n<meta name=\"twitter:card\" content=\"summary_large_image\" \/>\n<meta name=\"twitter:label1\" content=\"Est. reading time\" \/>\n\t<meta name=\"twitter:data1\" content=\"1 minute\" \/>\n<script type=\"application\/ld+json\" class=\"yoast-schema-graph\">{\"@context\":\"https:\/\/schema.org\",\"@graph\":[{\"@type\":\"WebPage\",\"@id\":\"https:\/\/www.areamalagabeach.com\/en\/tarifas\/\",\"url\":\"https:\/\/www.areamalagabeach.com\/en\/tarifas\/\",\"name\":\"Tariffs - \u00c1rea M\u00e1laga Beach\",\"isPartOf\":{\"@id\":\"https:\/\/www.areamalagabeach.com\/de\/#website\"},\"primaryImageOfPage\":{\"@id\":\"https:\/\/www.areamalagabeach.com\/en\/tarifas\/#primaryimage\"},\"image\":{\"@id\":\"https:\/\/www.areamalagabeach.com\/en\/tarifas\/#primaryimage\"},\"thumbnailUrl\":\"https:\/\/www.areamalagabeach.com\/wp-content\/uploads\/foto-seccion-tarifas.jpg\",\"datePublished\":\"2019-10-08T07:19:39+00:00\",\"dateModified\":\"2026-01-16T11:29:21+00:00\",\"breadcrumb\":{\"@id\":\"https:\/\/www.areamalagabeach.com\/en\/tarifas\/#breadcrumb\"},\"inLanguage\":\"en-US\",\"potentialAction\":[{\"@type\":\"ReadAction\",\"target\":[\"https:\/\/www.areamalagabeach.com\/en\/tarifas\/\"]}]},{\"@type\":\"ImageObject\",\"inLanguage\":\"en-US\",\"@id\":\"https:\/\/www.areamalagabeach.com\/en\/tarifas\/#primaryimage\",\"url\":\"https:\/\/www.areamalagabeach.com\/wp-content\/uploads\/foto-seccion-tarifas.jpg\",\"contentUrl\":\"https:\/\/www.areamalagabeach.com\/wp-content\/uploads\/foto-seccion-tarifas.jpg\"},{\"@type\":\"BreadcrumbList\",\"@id\":\"https:\/\/www.areamalagabeach.com\/en\/tarifas\/#breadcrumb\",\"itemListElement\":[{\"@type\":\"ListItem\",\"position\":1,\"name\":\"Portada\",\"item\":\"https:\/\/www.areamalagabeach.com\/en\/\"},{\"@type\":\"ListItem\",\"position\":2,\"name\":\"Tariffs\"}]},{\"@type\":\"WebSite\",\"@id\":\"https:\/\/www.areamalagabeach.com\/de\/#website\",\"url\":\"https:\/\/www.areamalagabeach.com\/de\/\",\"name\":\"\u00c1rea M\u00e1laga Beach\",\"description\":\"Bienvenidos a AREA MALAGA BEACH, nos complace invitaros a conocer nuestras instalaciones, situadas en un inmejorable enclave.\",\"publisher\":{\"@id\":\"https:\/\/www.areamalagabeach.com\/de\/#organization\"},\"potentialAction\":[{\"@type\":\"SearchAction\",\"target\":{\"@type\":\"EntryPoint\",\"urlTemplate\":\"https:\/\/www.areamalagabeach.com\/de\/?s={search_term_string}\"},\"query-input\":\"required name=search_term_string\"}],\"inLanguage\":\"en-US\"},{\"@type\":\"Organization\",\"@id\":\"https:\/\/www.areamalagabeach.com\/de\/#organization\",\"name\":\"\u00c1rea M\u00e1laga Beach\",\"url\":\"https:\/\/www.areamalagabeach.com\/de\/\",\"logo\":{\"@type\":\"ImageObject\",\"inLanguage\":\"en-US\",\"@id\":\"https:\/\/www.areamalagabeach.com\/de\/#\/schema\/logo\/image\/\",\"url\":\"https:\/\/www.areamalagabeach.com\/wp-content\/uploads\/cropped-logo-area-malaga-beach-foto.png\",\"contentUrl\":\"https:\/\/www.areamalagabeach.com\/wp-content\/uploads\/cropped-logo-area-malaga-beach-foto.png\",\"width\":268,\"height\":246,\"caption\":\"\u00c1rea M\u00e1laga Beach\"},\"image\":{\"@id\":\"https:\/\/www.areamalagabeach.com\/de\/#\/schema\/logo\/image\/\"}}]}<\/script>\n<!-- \/ Yoast SEO plugin. -->","yoast_head_json":{"title":"Tariffs - \u00c1rea M\u00e1laga Beach","robots":{"index":"index","follow":"follow","max-snippet":"max-snippet:-1","max-image-preview":"max-image-preview:large","max-video-preview":"max-video-preview:-1"},"canonical":"https:\/\/www.areamalagabeach.com\/en\/tarifas\/","og_locale":"en_US","og_type":"article","og_title":"Tariffs - \u00c1rea M\u00e1laga Beach","og_description":"In Area M\u00e1laga Beach we maintain our fabulous rates throughout [&hellip;]","og_url":"https:\/\/www.areamalagabeach.com\/en\/tarifas\/","og_site_name":"\u00c1rea M\u00e1laga Beach","article_modified_time":"2026-01-16T11:29:21+00:00","og_image":[{"url":"https:\/\/www.areamalagabeach.com\/wp-content\/uploads\/foto-seccion-tarifas.jpg"}],"twitter_card":"summary_large_image","twitter_misc":{"Est. reading time":"1 minute"},"schema":{"@context":"https:\/\/schema.org","@graph":[{"@type":"WebPage","@id":"https:\/\/www.areamalagabeach.com\/en\/tarifas\/","url":"https:\/\/www.areamalagabeach.com\/en\/tarifas\/","name":"Tariffs - \u00c1rea M\u00e1laga Beach","isPartOf":{"@id":"https:\/\/www.areamalagabeach.com\/de\/#website"},"primaryImageOfPage":{"@id":"https:\/\/www.areamalagabeach.com\/en\/tarifas\/#primaryimage"},"image":{"@id":"https:\/\/www.areamalagabeach.com\/en\/tarifas\/#primaryimage"},"thumbnailUrl":"https:\/\/www.areamalagabeach.com\/wp-content\/uploads\/foto-seccion-tarifas.jpg","datePublished":"2019-10-08T07:19:39+00:00","dateModified":"2026-01-16T11:29:21+00:00","breadcrumb":{"@id":"https:\/\/www.areamalagabeach.com\/en\/tarifas\/#breadcrumb"},"inLanguage":"en-US","potentialAction":[{"@type":"ReadAction","target":["https:\/\/www.areamalagabeach.com\/en\/tarifas\/"]}]},{"@type":"ImageObject","inLanguage":"en-US","@id":"https:\/\/www.areamalagabeach.com\/en\/tarifas\/#primaryimage","url":"https:\/\/www.areamalagabeach.com\/wp-content\/uploads\/foto-seccion-tarifas.jpg","contentUrl":"https:\/\/www.areamalagabeach.com\/wp-content\/uploads\/foto-seccion-tarifas.jpg"},{"@type":"BreadcrumbList","@id":"https:\/\/www.areamalagabeach.com\/en\/tarifas\/#breadcrumb","itemListElement":[{"@type":"ListItem","position":1,"name":"Portada","item":"https:\/\/www.areamalagabeach.com\/en\/"},{"@type":"ListItem","position":2,"name":"Tariffs"}]},{"@type":"WebSite","@id":"https:\/\/www.areamalagabeach.com\/de\/#website","url":"https:\/\/www.areamalagabeach.com\/de\/","name":"\u00c1rea M\u00e1laga Beach","description":"Bienvenidos a AREA MALAGA BEACH, nos complace invitaros a conocer nuestras instalaciones, situadas en un inmejorable enclave.","publisher":{"@id":"https:\/\/www.areamalagabeach.com\/de\/#organization"},"potentialAction":[{"@type":"SearchAction","target":{"@type":"EntryPoint","urlTemplate":"https:\/\/www.areamalagabeach.com\/de\/?s={search_term_string}"},"query-input":"required name=search_term_string"}],"inLanguage":"en-US"},{"@type":"Organization","@id":"https:\/\/www.areamalagabeach.com\/de\/#organization","name":"\u00c1rea M\u00e1laga Beach","url":"https:\/\/www.areamalagabeach.com\/de\/","logo":{"@type":"ImageObject","inLanguage":"en-US","@id":"https:\/\/www.areamalagabeach.com\/de\/#\/schema\/logo\/image\/","url":"https:\/\/www.areamalagabeach.com\/wp-content\/uploads\/cropped-logo-area-malaga-beach-foto.png","contentUrl":"https:\/\/www.areamalagabeach.com\/wp-content\/uploads\/cropped-logo-area-malaga-beach-foto.png","width":268,"height":246,"caption":"\u00c1rea M\u00e1laga Beach"},"image":{"@id":"https:\/\/www.areamalagabeach.com\/de\/#\/schema\/logo\/image\/"}}]}},"_links":{"self":[{"href":"https:\/\/www.areamalagabeach.com\/en\/wp-json\/wp\/v2\/pages\/19914"}],"collection":[{"href":"https:\/\/www.areamalagabeach.com\/en\/wp-json\/wp\/v2\/pages"}],"about":[{"href":"https:\/\/www.areamalagabeach.com\/en\/wp-json\/wp\/v2\/types\/page"}],"author":[{"embeddable":true,"href":"https:\/\/www.areamalagabeach.com\/en\/wp-json\/wp\/v2\/users\/3"}],"replies":[{"embeddable":true,"href":"https:\/\/www.areamalagabeach.com\/en\/wp-json\/wp\/v2\/comments?post=19914"}],"version-history":[{"count":14,"href":"https:\/\/www.areamalagabeach.com\/en\/wp-json\/wp\/v2\/pages\/19914\/revisions"}],"predecessor-version":[{"id":26815,"href":"https:\/\/www.areamalagabeach.com\/en\/wp-json\/wp\/v2\/pages\/19914\/revisions\/26815"}],"wp:attachment":[{"href":"https:\/\/www.areamalagabeach.com\/en\/wp-json\/wp\/v2\/media?parent=19914"}],"curies":[{"name":"wp","href":"https:\/\/api.w.org\/{rel}","templated":true}]}}